{"id":7,"date":"2014-11-09T17:33:15","date_gmt":"2014-11-09T17:33:15","guid":{"rendered":"http:\/\/etudebagi.ch\/es\/?page_id=7"},"modified":"2015-02-25T21:54:17","modified_gmt":"2015-02-25T21:54:17","slug":"services","status":"publish","type":"page","link":"http:\/\/etudebagi.ch\/es\/services\/","title":{"rendered":"Areas de practica"},"content":{"rendered":"<p>La firma ofrece a sus clientes, tanto Suizos como extranjeros, servicios legales que cubren las \u00e1reas legales mas importantes.\u00a0 De esta manera, puede aconsejar y asistir eficazmente a su clientela, sobre todo en las \u00e1reas legales siguientes:<\/p>\n<ul>\n<li>Pr\u00e1ctica general y litigiosa<\/li>\n<li>Derecho de los negocios<\/li>\n<li>Derecho comercial y contractual<\/li>\n<li>Derecho corporativo<\/li>\n<li>Derecho Civil, de Familia, Sucesiones<\/li>\n<li>Derecho Penal<\/li>\n<li>Derecho Administrativo, incluyendo Inmigraci\u00f3n para extranjeros<\/li>\n<li>Derecho Bancario<\/li>\n<li>Derecho Internacional Privado<\/li>\n<li>Derecho Inmobiliario<\/li>\n<li>Propiedad Intelectual<\/li>\n<li>Cobros de cuentas y Bancarrotas<\/li>\n<li>Arbitraje<\/li>\n<li>Responsabilidad Civil y Seguros<\/li>\n<\/ul>\n<p>Idiomas:\u00a0 Franc\u00e9s, Italiano, Alem\u00e1n e Ingl\u00e9s.<\/p>\n<p><img loading=\"lazy\" class=\"aligncenter wp-image-37 \" src=\"http:\/\/etudebagi.ch\/es\/wp-content\/uploads\/sites\/5\/2015\/02\/DSC_6845.jpg\" alt=\"\" width=\"801\" height=\"398\" srcset=\"http:\/\/etudebagi.ch\/es\/wp-content\/uploads\/sites\/5\/2015\/02\/DSC_6845.jpg 2000w, http:\/\/etudebagi.ch\/es\/wp-content\/uploads\/sites\/5\/2015\/02\/DSC_6845-300x149.jpg 300w, http:\/\/etudebagi.ch\/es\/wp-content\/uploads\/sites\/5\/2015\/02\/DSC_6845-1024x508.jpg 1024w, http:\/\/etudebagi.ch\/es\/wp-content\/uploads\/sites\/5\/2015\/02\/DSC_6845-100x49.jpg 100w, http:\/\/etudebagi.ch\/es\/wp-content\/uploads\/sites\/5\/2015\/02\/DSC_6845-150x74.jpg 150w, http:\/\/etudebagi.ch\/es\/wp-content\/uploads\/sites\/5\/2015\/02\/DSC_6845-200x99.jpg 200w, http:\/\/etudebagi.ch\/es\/wp-content\/uploads\/sites\/5\/2015\/02\/DSC_6845-450x223.jpg 450w, http:\/\/etudebagi.ch\/es\/wp-content\/uploads\/sites\/5\/2015\/02\/DSC_6845-600x298.jpg 600w, http:\/\/etudebagi.ch\/es\/wp-content\/uploads\/sites\/5\/2015\/02\/DSC_6845-900x447.jpg 900w\" sizes=\"(max-width: 801px) 100vw, 801px\" \/><\/p>\n","protected":false},"excerpt":{"rendered":"<p>La firma ofrece a sus clientes, tanto Suizos como extranjeros, servicios legales que cubren las \u00e1reas legales mas importantes.\u00a0 De esta manera, puede aconsejar y asistir eficazmente a su clientela, sobre todo en las \u00e1reas legales siguientes: Pr\u00e1ctica general y<span class=\"ellipsis\">&hellip;<\/span><\/p>\n<div class=\"read-more\"><a href=\"http:\/\/etudebagi.ch\/es\/services\/\">Leer m\u00e1s \u203a<\/a><\/div>\n<p><!-- end of .read-more --><\/p>\n","protected":false},"author":1,"featured_media":0,"parent":0,"menu_order":0,"comment_status":"closed","ping_status":"closed","template":"full-width-page.php","meta":[],"yoast_head":"<!-- This site is optimized with the Yoast SEO plugin v18.5.1 - https:\/\/yoast.com\/wordpress\/plugins\/seo\/ -->\n<title>Areas de practica - Firma Antoine Bagi<\/title>\n<meta name=\"robots\" content=\"noindex, nofollow\" \/>\n<meta property=\"og:locale\" content=\"es_ES\" \/>\n<meta property=\"og:type\" content=\"article\" \/>\n<meta property=\"og:title\" content=\"Areas de practica - Firma Antoine Bagi\" \/>\n<meta property=\"og:description\" content=\"La firma ofrece a sus clientes, tanto Suizos como extranjeros, servicios legales que cubren las \u00e1reas legales mas importantes.\u00a0 De esta manera, puede aconsejar y asistir eficazmente a su clientela, sobre todo en las \u00e1reas legales siguientes: Pr\u00e1ctica general y&hellip;Leer m\u00e1s \u203a\" \/>\n<meta property=\"og:url\" content=\"https:\/\/etudebagi.ch\/es\/services\/\" \/>\n<meta property=\"og:site_name\" content=\"Firma Antoine Bagi\" \/>\n<meta property=\"article:modified_time\" content=\"2015-02-25T21:54:17+00:00\" \/>\n<meta property=\"og:image\" content=\"http:\/\/etudebagi.ch\/es\/wp-content\/uploads\/sites\/5\/2015\/02\/DSC_6845.jpg\" \/>\n<script type=\"application\/ld+json\" class=\"yoast-schema-graph\">{\"@context\":\"https:\/\/schema.org\",\"@graph\":[{\"@type\":\"WebSite\",\"@id\":\"https:\/\/etudebagi.ch\/es\/#website\",\"url\":\"https:\/\/etudebagi.ch\/es\/\",\"name\":\"Firma Antoine Bagi\",\"description\":\"\",\"potentialAction\":[{\"@type\":\"SearchAction\",\"target\":{\"@type\":\"EntryPoint\",\"urlTemplate\":\"https:\/\/etudebagi.ch\/es\/?s={search_term_string}\"},\"query-input\":\"required name=search_term_string\"}],\"inLanguage\":\"es-ES\"},{\"@type\":\"ImageObject\",\"@id\":\"https:\/\/etudebagi.ch\/es\/services\/#primaryimage\",\"inLanguage\":\"es-ES\",\"url\":\"http:\/\/etudebagi.ch\/es\/wp-content\/uploads\/sites\/5\/2015\/02\/DSC_6845.jpg\",\"contentUrl\":\"http:\/\/etudebagi.ch\/es\/wp-content\/uploads\/sites\/5\/2015\/02\/DSC_6845.jpg\",\"width\":2000,\"height\":994},{\"@type\":\"WebPage\",\"@id\":\"https:\/\/etudebagi.ch\/es\/services\/#webpage\",\"url\":\"https:\/\/etudebagi.ch\/es\/services\/\",\"name\":\"Areas de practica - Firma Antoine Bagi\",\"isPartOf\":{\"@id\":\"https:\/\/etudebagi.ch\/es\/#website\"},\"primaryImageOfPage\":{\"@id\":\"https:\/\/etudebagi.ch\/es\/services\/#primaryimage\"},\"datePublished\":\"2014-11-09T17:33:15+00:00\",\"dateModified\":\"2015-02-25T21:54:17+00:00\",\"breadcrumb\":{\"@id\":\"https:\/\/etudebagi.ch\/es\/services\/#breadcrumb\"},\"inLanguage\":\"es-ES\",\"potentialAction\":[{\"@type\":\"ReadAction\",\"target\":[\"https:\/\/etudebagi.ch\/es\/services\/\"]}]},{\"@type\":\"BreadcrumbList\",\"@id\":\"https:\/\/etudebagi.ch\/es\/services\/#breadcrumb\",\"itemListElement\":[{\"@type\":\"ListItem\",\"position\":1,\"name\":\"Home\",\"item\":\"https:\/\/etudebagi.ch\/es\/\"},{\"@type\":\"ListItem\",\"position\":2,\"name\":\"Areas de practica\"}]}]}<\/script>\n<!-- \/ Yoast SEO plugin. -->","yoast_head_json":{"title":"Areas de practica - Firma Antoine Bagi","robots":{"index":"noindex","follow":"nofollow"},"og_locale":"es_ES","og_type":"article","og_title":"Areas de practica - Firma Antoine Bagi","og_description":"La firma ofrece a sus clientes, tanto Suizos como extranjeros, servicios legales que cubren las \u00e1reas legales mas importantes.\u00a0 De esta manera, puede aconsejar y asistir eficazmente a su clientela, sobre todo en las \u00e1reas legales siguientes: Pr\u00e1ctica general y&hellip;Leer m\u00e1s \u203a","og_url":"https:\/\/etudebagi.ch\/es\/services\/","og_site_name":"Firma Antoine Bagi","article_modified_time":"2015-02-25T21:54:17+00:00","og_image":[{"url":"http:\/\/etudebagi.ch\/es\/wp-content\/uploads\/sites\/5\/2015\/02\/DSC_6845.jpg"}],"schema":{"@context":"https:\/\/schema.org","@graph":[{"@type":"WebSite","@id":"https:\/\/etudebagi.ch\/es\/#website","url":"https:\/\/etudebagi.ch\/es\/","name":"Firma Antoine Bagi","description":"","potentialAction":[{"@type":"SearchAction","target":{"@type":"EntryPoint","urlTemplate":"https:\/\/etudebagi.ch\/es\/?s={search_term_string}"},"query-input":"required name=search_term_string"}],"inLanguage":"es-ES"},{"@type":"ImageObject","@id":"https:\/\/etudebagi.ch\/es\/services\/#primaryimage","inLanguage":"es-ES","url":"http:\/\/etudebagi.ch\/es\/wp-content\/uploads\/sites\/5\/2015\/02\/DSC_6845.jpg","contentUrl":"http:\/\/etudebagi.ch\/es\/wp-content\/uploads\/sites\/5\/2015\/02\/DSC_6845.jpg","width":2000,"height":994},{"@type":"WebPage","@id":"https:\/\/etudebagi.ch\/es\/services\/#webpage","url":"https:\/\/etudebagi.ch\/es\/services\/","name":"Areas de practica - Firma Antoine Bagi","isPartOf":{"@id":"https:\/\/etudebagi.ch\/es\/#website"},"primaryImageOfPage":{"@id":"https:\/\/etudebagi.ch\/es\/services\/#primaryimage"},"datePublished":"2014-11-09T17:33:15+00:00","dateModified":"2015-02-25T21:54:17+00:00","breadcrumb":{"@id":"https:\/\/etudebagi.ch\/es\/services\/#breadcrumb"},"inLanguage":"es-ES","potentialAction":[{"@type":"ReadAction","target":["https:\/\/etudebagi.ch\/es\/services\/"]}]},{"@type":"BreadcrumbList","@id":"https:\/\/etudebagi.ch\/es\/services\/#breadcrumb","itemListElement":[{"@type":"ListItem","position":1,"name":"Home","item":"https:\/\/etudebagi.ch\/es\/"},{"@type":"ListItem","position":2,"name":"Areas de practica"}]}]}},"_links":{"self":[{"href":"http:\/\/etudebagi.ch\/es\/wp-json\/wp\/v2\/pages\/7"}],"collection":[{"href":"http:\/\/etudebagi.ch\/es\/wp-json\/wp\/v2\/pages"}],"about":[{"href":"http:\/\/etudebagi.ch\/es\/wp-json\/wp\/v2\/types\/page"}],"author":[{"embeddable":true,"href":"http:\/\/etudebagi.ch\/es\/wp-json\/wp\/v2\/users\/1"}],"replies":[{"embeddable":true,"href":"http:\/\/etudebagi.ch\/es\/wp-json\/wp\/v2\/comments?post=7"}],"version-history":[{"count":3,"href":"http:\/\/etudebagi.ch\/es\/wp-json\/wp\/v2\/pages\/7\/revisions"}],"predecessor-version":[{"id":39,"href":"http:\/\/etudebagi.ch\/es\/wp-json\/wp\/v2\/pages\/7\/revisions\/39"}],"wp:attachment":[{"href":"http:\/\/etudebagi.ch\/es\/wp-json\/wp\/v2\/media?parent=7"}],"curies":[{"name":"wp","href":"https:\/\/api.w.org\/{rel}","templated":true}]}}